{"id":20,"date":"2016-05-02T17:55:22","date_gmt":"2016-05-02T17:55:22","guid":{"rendered":"http:\/\/legiobiznes.pl\/I\/?page_id=20"},"modified":"2021-08-13T08:32:15","modified_gmt":"2021-08-13T06:32:15","slug":"kontakt","status":"publish","type":"page","link":"https:\/\/legiobiznes.pl\/I\/kontakt\/","title":{"rendered":"Kontakt"},"content":{"rendered":"<p><strong><span class=\"ao_unit u0 hover\" style=\"color: #000000;\">Mo\u017cesz kontaktowa\u0107 si\u0119 z nami przez wype\u0142nianie tego formularza<\/span><\/strong><strong><span class=\"ao_unit u0 hover\" style=\"color: #000000;\">&#8211; kiedy potrzebujesz fachowej pomocy albo\u00a0<\/span><\/strong><strong><span class=\"ao_unit u0 hover\" style=\"color: #000000;\">masz jakiekolwiek pytania. Znalaz\u0142e\u015b(a\u015b) jaki\u015b b\u0142\u0105d, <\/span><\/strong><strong><span class=\"ao_unit u0 hover\" style=\"color: #000000;\">wype\u0142nij poni\u017cszy\u00a0<\/span><\/strong><strong><span class=\"ao_unit u0 hover\" style=\"color: #000000;\">formularz. Kontakt emai <a href=\"mailto:legiobiznes@legiobiznes.pl\" target=\"_blank\" rel=\"noopener\">legiobiznes@legiobiznes.pl<\/a>.<\/span><\/strong><\/p>\n\n<div class=\"wpcf7 no-js\" id=\"wpcf7-f1206284-o1\" lang=\"pl-PL\" dir=\"ltr\" data-wpcf7-id=\"1206284\">\n<div class=\"screen-reader-response\"><p role=\"status\" aria-live=\"polite\" aria-atomic=\"true\"><\/p> <ul><\/ul><\/div>\n<form action=\"\/I\/wp-json\/wp\/v2\/pages\/20#wpcf7-f1206284-o1\" method=\"post\" class=\"wpcf7-form init\" aria-label=\"Formularz kontaktowy\" novalidate=\"novalidate\" data-status=\"init\">\n<fieldset class=\"hidden-fields-container\"><input type=\"hidden\" name=\"_wpcf7\" value=\"1206284\" \/><input type=\"hidden\" name=\"_wpcf7_version\" value=\"6.1.5\" \/><input type=\"hidden\" name=\"_wpcf7_locale\" value=\"pl_PL\" \/><input type=\"hidden\" name=\"_wpcf7_unit_tag\" value=\"wpcf7-f1206284-o1\" \/><input type=\"hidden\" name=\"_wpcf7_container_post\" value=\"0\" \/><input type=\"hidden\" name=\"_wpcf7_posted_data_hash\" value=\"\" \/>\n<\/fieldset>\n<p><label> Imi\u0119 i nazwisko (wymagane)<br \/>\n<span class=\"wpcf7-form-control-wrap\" data-name=\"your-name\"><input size=\"40\" maxlength=\"400\" class=\"wpcf7-form-control wpcf7-text wpcf7-validates-as-required\" aria-required=\"true\" aria-invalid=\"false\" value=\"\" type=\"text\" name=\"your-name\" \/><\/span> <\/label>\n<\/p>\n<p><label> Adres email (wymagane)<br \/>\n<span class=\"wpcf7-form-control-wrap\" data-name=\"your-email\"><input size=\"40\" maxlength=\"400\" class=\"wpcf7-form-control wpcf7-email wpcf7-validates-as-required wpcf7-text wpcf7-validates-as-email\" aria-required=\"true\" aria-invalid=\"false\" value=\"\" type=\"email\" name=\"your-email\" \/><\/span> <\/label>\n<\/p>\n<p><label> Temat<br \/>\n<span class=\"wpcf7-form-control-wrap\" data-name=\"your-subject\"><input size=\"40\" maxlength=\"400\" class=\"wpcf7-form-control wpcf7-text\" aria-invalid=\"false\" value=\"\" type=\"text\" name=\"your-subject\" \/><\/span> <\/label>\n<\/p>\n<p><label> Tre\u015b\u0107 wiadomo\u015bci<br \/>\n<span class=\"wpcf7-form-control-wrap\" data-name=\"your-message\"><textarea cols=\"40\" rows=\"10\" maxlength=\"2000\" class=\"wpcf7-form-control wpcf7-textarea\" aria-invalid=\"false\" name=\"your-message\"><\/textarea><\/span> <\/label>\n<\/p>\n<p><input class=\"wpcf7-form-control wpcf7-submit has-spinner\" type=\"submit\" value=\"Wy\u015blij\" \/>\n<\/p><div class=\"wpcf7-response-output\" aria-hidden=\"true\"><\/div>\n<\/form>\n<\/div>\n\n<p>&nbsp;<\/p>\n","protected":false},"excerpt":{"rendered":"<p>Mo\u017cesz kontaktowa\u0107 si\u0119 z nami przez wype\u0142nianie tego formularza&#8211; kiedy potrzebujesz fachowej pomocy albo\u00a0masz jakiekolwiek pytania. Znalaz\u0142e\u015b(a\u015b) jaki\u015b b\u0142\u0105d, wype\u0142nij poni\u017cszy\u00a0formularz. Kontakt emai legiobiznes@legiobiznes.pl. &nbsp;<\/p>\n","protected":false},"author":1,"featured_media":0,"parent":0,"menu_order":0,"comment_status":"closed","ping_status":"closed","template":"","meta":{"footnotes":""},"class_list":["post-20","page","type-page","status-publish",""],"yoast_head":"<!-- This site is optimized with the Yoast SEO plugin v27.5 - https:\/\/yoast.com\/product\/yoast-seo-wordpress\/ -->\n<title>LegioBiznes.PL &gt; Marketing, Social Media, Bezpiecze\u0144stwo IT,E-biznes, Zarabianie w Internecie<\/title>\n<meta name=\"description\" content=\"Aktualno\u015bci i Wiadomo\u015bci Marketing Social Media Prawo Bezpiecze\u0144stwo IT Cyber Security Wirusy Zarabianie Internecie E-commerce Systemy Operacyjne E-biznes Ebiznes M-commerce Reklama Media Spo\u0142eczno\u015bciowe GSM Hack porady sprz\u0119t hity programy darmowe og\u0142oszenia zlecenia wordpress freelancer dla freelancer\u00f3w strony www hosting joomla skyllex promocje sklepy internetowe woocommerce\" \/>\n<meta name=\"robots\" content=\"index, follow, max-snippet:-1, max-image-preview:large, max-video-preview:-1\" \/>\n<link rel=\"canonical\" href=\"https:\/\/legiobiznes.pl\/I\/kontakt\/\" \/>\n<meta property=\"og:locale\" content=\"pl_PL\" \/>\n<meta property=\"og:type\" content=\"article\" \/>\n<meta property=\"og:title\" content=\"LegioBiznes.PL &gt; Marketing, Social Media, Bezpiecze\u0144stwo IT,E-biznes, Zarabianie w Internecie\" \/>\n<meta property=\"og:description\" content=\"Aktualno\u015bci i Wiadomo\u015bci Marketing Social Media Prawo Bezpiecze\u0144stwo IT Cyber Security Wirusy Zarabianie Internecie E-commerce Systemy Operacyjne E-biznes Ebiznes M-commerce Reklama Media Spo\u0142eczno\u015bciowe GSM Hack porady sprz\u0119t hity programy darmowe og\u0142oszenia zlecenia wordpress freelancer dla freelancer\u00f3w strony www hosting joomla skyllex promocje sklepy internetowe woocommerce\" \/>\n<meta property=\"og:url\" content=\"https:\/\/legiobiznes.pl\/I\/kontakt\/\" \/>\n<meta property=\"og:site_name\" content=\"Legiobiznes.pl\" \/>\n<meta property=\"article:publisher\" content=\"https:\/\/www.facebook.com\/LegioBiznes\/\" \/>\n<meta property=\"article:modified_time\" content=\"2021-08-13T06:32:15+00:00\" \/>\n<meta name=\"twitter:card\" content=\"summary_large_image\" \/>\n<meta name=\"twitter:site\" content=\"@LegioBiznesPL\" \/>\n<meta name=\"twitter:label1\" content=\"Szacowany czas czytania\" \/>\n\t<meta name=\"twitter:data1\" content=\"1 minuta\" \/>\n<script type=\"application\/ld+json\" class=\"yoast-schema-graph\">{\"@context\":\"https:\\\/\\\/schema.org\",\"@graph\":[{\"@type\":\"WebPage\",\"@id\":\"https:\\\/\\\/legiobiznes.pl\\\/I\\\/kontakt\\\/\",\"url\":\"https:\\\/\\\/legiobiznes.pl\\\/I\\\/kontakt\\\/\",\"name\":\"LegioBiznes.PL > Marketing, Social Media, Bezpiecze\u0144stwo IT,E-biznes, Zarabianie w Internecie\",\"isPartOf\":{\"@id\":\"https:\\\/\\\/legiobiznes.pl\\\/I\\\/#website\"},\"datePublished\":\"2016-05-02T17:55:22+00:00\",\"dateModified\":\"2021-08-13T06:32:15+00:00\",\"description\":\"Aktualno\u015bci i Wiadomo\u015bci Marketing Social Media Prawo Bezpiecze\u0144stwo IT Cyber Security Wirusy Zarabianie Internecie E-commerce Systemy Operacyjne E-biznes Ebiznes M-commerce Reklama Media Spo\u0142eczno\u015bciowe GSM Hack porady sprz\u0119t hity programy darmowe og\u0142oszenia zlecenia wordpress freelancer dla freelancer\u00f3w strony www hosting joomla skyllex promocje sklepy internetowe woocommerce\",\"breadcrumb\":{\"@id\":\"https:\\\/\\\/legiobiznes.pl\\\/I\\\/kontakt\\\/#breadcrumb\"},\"inLanguage\":\"pl-PL\",\"potentialAction\":[{\"@type\":\"ReadAction\",\"target\":[\"https:\\\/\\\/legiobiznes.pl\\\/I\\\/kontakt\\\/\"]}]},{\"@type\":\"BreadcrumbList\",\"@id\":\"https:\\\/\\\/legiobiznes.pl\\\/I\\\/kontakt\\\/#breadcrumb\",\"itemListElement\":[{\"@type\":\"ListItem\",\"position\":1,\"name\":\"Strona g\u0142\u00f3wna\",\"item\":\"https:\\\/\\\/legiobiznes.pl\\\/I\\\/\"},{\"@type\":\"ListItem\",\"position\":2,\"name\":\"Kontakt\"}]},{\"@type\":\"WebSite\",\"@id\":\"https:\\\/\\\/legiobiznes.pl\\\/I\\\/#website\",\"url\":\"https:\\\/\\\/legiobiznes.pl\\\/I\\\/\",\"name\":\"Legiobiznes.pl\",\"description\":\"Kryptowaluty, Bezpiecze\u0144stwo IT, E-biznes | LegioBiznes.PL\",\"publisher\":{\"@id\":\"https:\\\/\\\/legiobiznes.pl\\\/I\\\/#organization\"},\"potentialAction\":[{\"@type\":\"SearchAction\",\"target\":{\"@type\":\"EntryPoint\",\"urlTemplate\":\"https:\\\/\\\/legiobiznes.pl\\\/I\\\/?s={search_term_string}\"},\"query-input\":{\"@type\":\"PropertyValueSpecification\",\"valueRequired\":true,\"valueName\":\"search_term_string\"}}],\"inLanguage\":\"pl-PL\"},{\"@type\":\"Organization\",\"@id\":\"https:\\\/\\\/legiobiznes.pl\\\/I\\\/#organization\",\"name\":\"LegioBiznes.PL\",\"url\":\"https:\\\/\\\/legiobiznes.pl\\\/I\\\/\",\"logo\":{\"@type\":\"ImageObject\",\"inLanguage\":\"pl-PL\",\"@id\":\"https:\\\/\\\/legiobiznes.pl\\\/I\\\/#\\\/schema\\\/logo\\\/image\\\/\",\"url\":\"https:\\\/\\\/legiobiznes.pl\\\/I\\\/wp-content\\\/uploads\\\/2017\\\/08\\\/legiobiznespl-logo2-e1503834302371.png\",\"contentUrl\":\"https:\\\/\\\/legiobiznes.pl\\\/I\\\/wp-content\\\/uploads\\\/2017\\\/08\\\/legiobiznespl-logo2-e1503834302371.png\",\"width\":180,\"height\":76,\"caption\":\"LegioBiznes.PL\"},\"image\":{\"@id\":\"https:\\\/\\\/legiobiznes.pl\\\/I\\\/#\\\/schema\\\/logo\\\/image\\\/\"},\"sameAs\":[\"https:\\\/\\\/www.facebook.com\\\/LegioBiznes\\\/\",\"https:\\\/\\\/x.com\\\/LegioBiznesPL\",\"https:\\\/\\\/www.youtube.com\\\/channel\\\/UCEhszB39vxk96yIXD-jOORw\"]}]}<\/script>\n<!-- \/ Yoast SEO plugin. -->","yoast_head_json":{"title":"LegioBiznes.PL > Marketing, Social Media, Bezpiecze\u0144stwo IT,E-biznes, Zarabianie w Internecie","description":"Aktualno\u015bci i Wiadomo\u015bci Marketing Social Media Prawo Bezpiecze\u0144stwo IT Cyber Security Wirusy Zarabianie Internecie E-commerce Systemy Operacyjne E-biznes Ebiznes M-commerce Reklama Media Spo\u0142eczno\u015bciowe GSM Hack porady sprz\u0119t hity programy darmowe og\u0142oszenia zlecenia wordpress freelancer dla freelancer\u00f3w strony www hosting joomla skyllex promocje sklepy internetowe woocommerce","robots":{"index":"index","follow":"follow","max-snippet":"max-snippet:-1","max-image-preview":"max-image-preview:large","max-video-preview":"max-video-preview:-1"},"canonical":"https:\/\/legiobiznes.pl\/I\/kontakt\/","og_locale":"pl_PL","og_type":"article","og_title":"LegioBiznes.PL > Marketing, Social Media, Bezpiecze\u0144stwo IT,E-biznes, Zarabianie w Internecie","og_description":"Aktualno\u015bci i Wiadomo\u015bci Marketing Social Media Prawo Bezpiecze\u0144stwo IT Cyber Security Wirusy Zarabianie Internecie E-commerce Systemy Operacyjne E-biznes Ebiznes M-commerce Reklama Media Spo\u0142eczno\u015bciowe GSM Hack porady sprz\u0119t hity programy darmowe og\u0142oszenia zlecenia wordpress freelancer dla freelancer\u00f3w strony www hosting joomla skyllex promocje sklepy internetowe woocommerce","og_url":"https:\/\/legiobiznes.pl\/I\/kontakt\/","og_site_name":"Legiobiznes.pl","article_publisher":"https:\/\/www.facebook.com\/LegioBiznes\/","article_modified_time":"2021-08-13T06:32:15+00:00","twitter_card":"summary_large_image","twitter_site":"@LegioBiznesPL","twitter_misc":{"Szacowany czas czytania":"1 minuta"},"schema":{"@context":"https:\/\/schema.org","@graph":[{"@type":"WebPage","@id":"https:\/\/legiobiznes.pl\/I\/kontakt\/","url":"https:\/\/legiobiznes.pl\/I\/kontakt\/","name":"LegioBiznes.PL > Marketing, Social Media, Bezpiecze\u0144stwo IT,E-biznes, Zarabianie w Internecie","isPartOf":{"@id":"https:\/\/legiobiznes.pl\/I\/#website"},"datePublished":"2016-05-02T17:55:22+00:00","dateModified":"2021-08-13T06:32:15+00:00","description":"Aktualno\u015bci i Wiadomo\u015bci Marketing Social Media Prawo Bezpiecze\u0144stwo IT Cyber Security Wirusy Zarabianie Internecie E-commerce Systemy Operacyjne E-biznes Ebiznes M-commerce Reklama Media Spo\u0142eczno\u015bciowe GSM Hack porady sprz\u0119t hity programy darmowe og\u0142oszenia zlecenia wordpress freelancer dla freelancer\u00f3w strony www hosting joomla skyllex promocje sklepy internetowe woocommerce","breadcrumb":{"@id":"https:\/\/legiobiznes.pl\/I\/kontakt\/#breadcrumb"},"inLanguage":"pl-PL","potentialAction":[{"@type":"ReadAction","target":["https:\/\/legiobiznes.pl\/I\/kontakt\/"]}]},{"@type":"BreadcrumbList","@id":"https:\/\/legiobiznes.pl\/I\/kontakt\/#breadcrumb","itemListElement":[{"@type":"ListItem","position":1,"name":"Strona g\u0142\u00f3wna","item":"https:\/\/legiobiznes.pl\/I\/"},{"@type":"ListItem","position":2,"name":"Kontakt"}]},{"@type":"WebSite","@id":"https:\/\/legiobiznes.pl\/I\/#website","url":"https:\/\/legiobiznes.pl\/I\/","name":"Legiobiznes.pl","description":"Kryptowaluty, Bezpiecze\u0144stwo IT, E-biznes | LegioBiznes.PL","publisher":{"@id":"https:\/\/legiobiznes.pl\/I\/#organization"},"potentialAction":[{"@type":"SearchAction","target":{"@type":"EntryPoint","urlTemplate":"https:\/\/legiobiznes.pl\/I\/?s={search_term_string}"},"query-input":{"@type":"PropertyValueSpecification","valueRequired":true,"valueName":"search_term_string"}}],"inLanguage":"pl-PL"},{"@type":"Organization","@id":"https:\/\/legiobiznes.pl\/I\/#organization","name":"LegioBiznes.PL","url":"https:\/\/legiobiznes.pl\/I\/","logo":{"@type":"ImageObject","inLanguage":"pl-PL","@id":"https:\/\/legiobiznes.pl\/I\/#\/schema\/logo\/image\/","url":"https:\/\/legiobiznes.pl\/I\/wp-content\/uploads\/2017\/08\/legiobiznespl-logo2-e1503834302371.png","contentUrl":"https:\/\/legiobiznes.pl\/I\/wp-content\/uploads\/2017\/08\/legiobiznespl-logo2-e1503834302371.png","width":180,"height":76,"caption":"LegioBiznes.PL"},"image":{"@id":"https:\/\/legiobiznes.pl\/I\/#\/schema\/logo\/image\/"},"sameAs":["https:\/\/www.facebook.com\/LegioBiznes\/","https:\/\/x.com\/LegioBiznesPL","https:\/\/www.youtube.com\/channel\/UCEhszB39vxk96yIXD-jOORw"]}]}},"_links":{"self":[{"href":"https:\/\/legiobiznes.pl\/I\/wp-json\/wp\/v2\/pages\/20","targetHints":{"allow":["GET"]}}],"collection":[{"href":"https:\/\/legiobiznes.pl\/I\/wp-json\/wp\/v2\/pages"}],"about":[{"href":"https:\/\/legiobiznes.pl\/I\/wp-json\/wp\/v2\/types\/page"}],"author":[{"embeddable":true,"href":"https:\/\/legiobiznes.pl\/I\/wp-json\/wp\/v2\/users\/1"}],"replies":[{"embeddable":true,"href":"https:\/\/legiobiznes.pl\/I\/wp-json\/wp\/v2\/comments?post=20"}],"version-history":[{"count":0,"href":"https:\/\/legiobiznes.pl\/I\/wp-json\/wp\/v2\/pages\/20\/revisions"}],"wp:attachment":[{"href":"https:\/\/legiobiznes.pl\/I\/wp-json\/wp\/v2\/media?parent=20"}],"curies":[{"name":"wp","href":"https:\/\/api.w.org\/{rel}","templated":true}]}}