{"id":9392,"date":"2016-09-27T10:12:23","date_gmt":"2016-09-27T10:12:23","guid":{"rendered":"http:\/\/legiobiznes.pl\/I\/?page_id=9392"},"modified":"2021-11-16T15:03:50","modified_gmt":"2021-11-16T13:03:50","slug":"informacje-czytelnikow","status":"publish","type":"page","link":"https:\/\/legiobiznes.pl\/I\/informacje-czytelnikow\/","title":{"rendered":"Informacje czytelnik\u00f3w"},"content":{"rendered":"<p><img loading=\"lazy\" decoding=\"async\" class=\" wp-image-9423 alignleft\" src=\"http:\/\/legiobiznes.pl\/I\/wp-content\/uploads\/2016\/09\/news-624859_960_720-300x253.png\" alt=\"news-624859_960_720\" width=\"100\" height=\"84\" srcset=\"https:\/\/legiobiznes.pl\/I\/wp-content\/uploads\/2016\/09\/news-624859_960_720-300x253.png 300w, https:\/\/legiobiznes.pl\/I\/wp-content\/uploads\/2016\/09\/news-624859_960_720-768x648.png 768w, https:\/\/legiobiznes.pl\/I\/wp-content\/uploads\/2016\/09\/news-624859_960_720-600x506.png 600w, https:\/\/legiobiznes.pl\/I\/wp-content\/uploads\/2016\/09\/news-624859_960_720.png 853w\" sizes=\"auto, (max-width: 100px) 100vw, 100px\" \/>Dysponujesz jak\u0105\u015b informacj\u0105, kt\u00f3ra jest warta opublikowania na \u0142amach naszej strony<br \/>\n&#8211; <em><strong>wype\u0142nij poni\u017cszy formularz<\/strong><\/em>.<\/p>\n<p>Wiadomo\u015bci b\u0119d\u0105 wy\u015bwietlane na stronie g\u0142\u00f3wnej jak i w tym dziale.<\/p>\n<p>Serdecznie dzi\u0119kujemy za przes\u0142anie informacji.<\/p>\n<p><em><strong>LegioBiznes.PL<\/strong><\/em><\/p>\n<p class=\"wpcf7-contact-form-not-found\"><strong>B\u0142\u0105d:<\/strong> Brak formularza kontaktowego.<\/p>\n<p>&nbsp;<\/p>\n","protected":false},"excerpt":{"rendered":"<p>Dysponujesz jak\u0105\u015b informacj\u0105, kt\u00f3ra jest warta opublikowania na \u0142amach naszej strony &#8211; wype\u0142nij poni\u017cszy formularz. Wiadomo\u015bci b\u0119d\u0105 wy\u015bwietlane na stronie g\u0142\u00f3wnej jak i w tym dziale. Serdecznie dzi\u0119kujemy za przes\u0142anie informacji. LegioBiznes.PL &nbsp;<\/p>\n","protected":false},"author":1,"featured_media":9436,"parent":0,"menu_order":0,"comment_status":"closed","ping_status":"closed","template":"","meta":{"footnotes":""},"class_list":["post-9392","page","type-page","status-publish","has-post-thumbnail",""],"yoast_head":"<!-- This site is optimized with the Yoast SEO plugin v27.5 - https:\/\/yoast.com\/product\/yoast-seo-wordpress\/ -->\n<title>LegioBiznes.PL &gt; Marketing, Social Media, Bezpiecze\u0144stwo IT,E-biznes, Zarabianie w Internecie<\/title>\n<meta name=\"description\" content=\"Aktualno\u015bci i Wiadomo\u015bci Marketing Social Media Prawo Bezpiecze\u0144stwo IT Cyber Security Wirusy Zarabianie Internecie E-commerce Systemy Operacyjne E-biznes Ebiznes M-commerce Reklama Media Spo\u0142eczno\u015bciowe GSM Hack porady sprz\u0119t hity programy darmowe og\u0142oszenia zlecenia wordpress freelancer dla freelancer\u00f3w strony www hosting joomla skyllex promocje sklepy internetowe woocommerce\" \/>\n<meta name=\"robots\" content=\"index, follow, max-snippet:-1, max-image-preview:large, max-video-preview:-1\" \/>\n<link rel=\"canonical\" href=\"https:\/\/legiobiznes.pl\/I\/informacje-czytelnikow\/\" \/>\n<meta property=\"og:locale\" content=\"pl_PL\" \/>\n<meta property=\"og:type\" content=\"article\" \/>\n<meta property=\"og:title\" content=\"LegioBiznes.PL &gt; Marketing, Social Media, Bezpiecze\u0144stwo IT,E-biznes, Zarabianie w Internecie\" \/>\n<meta property=\"og:description\" content=\"Aktualno\u015bci i Wiadomo\u015bci Marketing Social Media Prawo Bezpiecze\u0144stwo IT Cyber Security Wirusy Zarabianie Internecie E-commerce Systemy Operacyjne E-biznes Ebiznes M-commerce Reklama Media Spo\u0142eczno\u015bciowe GSM Hack porady sprz\u0119t hity programy darmowe og\u0142oszenia zlecenia wordpress freelancer dla freelancer\u00f3w strony www hosting joomla skyllex promocje sklepy internetowe woocommerce\" \/>\n<meta property=\"og:url\" content=\"https:\/\/legiobiznes.pl\/I\/informacje-czytelnikow\/\" \/>\n<meta property=\"og:site_name\" content=\"Legiobiznes.pl\" \/>\n<meta property=\"article:publisher\" content=\"https:\/\/www.facebook.com\/LegioBiznes\/\" \/>\n<meta property=\"article:modified_time\" content=\"2021-11-16T13:03:50+00:00\" \/>\n<meta property=\"og:image\" content=\"https:\/\/legiobiznes.pl\/I\/wp-content\/uploads\/2016\/09\/grid-1511497_960_720.jpg\" \/>\n\t<meta property=\"og:image:width\" content=\"960\" \/>\n\t<meta property=\"og:image:height\" content=\"640\" \/>\n\t<meta property=\"og:image:type\" content=\"image\/jpeg\" \/>\n<meta name=\"twitter:card\" content=\"summary_large_image\" \/>\n<meta name=\"twitter:site\" content=\"@LegioBiznesPL\" \/>\n<script type=\"application\/ld+json\" class=\"yoast-schema-graph\">{\"@context\":\"https:\\\/\\\/schema.org\",\"@graph\":[{\"@type\":\"WebPage\",\"@id\":\"https:\\\/\\\/legiobiznes.pl\\\/I\\\/informacje-czytelnikow\\\/\",\"url\":\"https:\\\/\\\/legiobiznes.pl\\\/I\\\/informacje-czytelnikow\\\/\",\"name\":\"LegioBiznes.PL > Marketing, Social Media, Bezpiecze\u0144stwo IT,E-biznes, Zarabianie w Internecie\",\"isPartOf\":{\"@id\":\"https:\\\/\\\/legiobiznes.pl\\\/I\\\/#website\"},\"primaryImageOfPage\":{\"@id\":\"https:\\\/\\\/legiobiznes.pl\\\/I\\\/informacje-czytelnikow\\\/#primaryimage\"},\"image\":{\"@id\":\"https:\\\/\\\/legiobiznes.pl\\\/I\\\/informacje-czytelnikow\\\/#primaryimage\"},\"thumbnailUrl\":\"https:\\\/\\\/legiobiznes.pl\\\/I\\\/wp-content\\\/uploads\\\/2016\\\/09\\\/grid-1511497_960_720.jpg\",\"datePublished\":\"2016-09-27T10:12:23+00:00\",\"dateModified\":\"2021-11-16T13:03:50+00:00\",\"description\":\"Aktualno\u015bci i Wiadomo\u015bci Marketing Social Media Prawo Bezpiecze\u0144stwo IT Cyber Security Wirusy Zarabianie Internecie E-commerce Systemy Operacyjne E-biznes Ebiznes M-commerce Reklama Media Spo\u0142eczno\u015bciowe GSM Hack porady sprz\u0119t hity programy darmowe og\u0142oszenia zlecenia wordpress freelancer dla freelancer\u00f3w strony www hosting joomla skyllex promocje sklepy internetowe woocommerce\",\"breadcrumb\":{\"@id\":\"https:\\\/\\\/legiobiznes.pl\\\/I\\\/informacje-czytelnikow\\\/#breadcrumb\"},\"inLanguage\":\"pl-PL\",\"potentialAction\":[{\"@type\":\"ReadAction\",\"target\":[\"https:\\\/\\\/legiobiznes.pl\\\/I\\\/informacje-czytelnikow\\\/\"]}]},{\"@type\":\"ImageObject\",\"inLanguage\":\"pl-PL\",\"@id\":\"https:\\\/\\\/legiobiznes.pl\\\/I\\\/informacje-czytelnikow\\\/#primaryimage\",\"url\":\"https:\\\/\\\/legiobiznes.pl\\\/I\\\/wp-content\\\/uploads\\\/2016\\\/09\\\/grid-1511497_960_720.jpg\",\"contentUrl\":\"https:\\\/\\\/legiobiznes.pl\\\/I\\\/wp-content\\\/uploads\\\/2016\\\/09\\\/grid-1511497_960_720.jpg\",\"width\":960,\"height\":640},{\"@type\":\"BreadcrumbList\",\"@id\":\"https:\\\/\\\/legiobiznes.pl\\\/I\\\/informacje-czytelnikow\\\/#breadcrumb\",\"itemListElement\":[{\"@type\":\"ListItem\",\"position\":1,\"name\":\"Strona g\u0142\u00f3wna\",\"item\":\"https:\\\/\\\/legiobiznes.pl\\\/I\\\/\"},{\"@type\":\"ListItem\",\"position\":2,\"name\":\"Informacje czytelnik\u00f3w\"}]},{\"@type\":\"WebSite\",\"@id\":\"https:\\\/\\\/legiobiznes.pl\\\/I\\\/#website\",\"url\":\"https:\\\/\\\/legiobiznes.pl\\\/I\\\/\",\"name\":\"Legiobiznes.pl\",\"description\":\"Kryptowaluty, Bezpiecze\u0144stwo IT, E-biznes | LegioBiznes.PL\",\"publisher\":{\"@id\":\"https:\\\/\\\/legiobiznes.pl\\\/I\\\/#organization\"},\"potentialAction\":[{\"@type\":\"SearchAction\",\"target\":{\"@type\":\"EntryPoint\",\"urlTemplate\":\"https:\\\/\\\/legiobiznes.pl\\\/I\\\/?s={search_term_string}\"},\"query-input\":{\"@type\":\"PropertyValueSpecification\",\"valueRequired\":true,\"valueName\":\"search_term_string\"}}],\"inLanguage\":\"pl-PL\"},{\"@type\":\"Organization\",\"@id\":\"https:\\\/\\\/legiobiznes.pl\\\/I\\\/#organization\",\"name\":\"LegioBiznes.PL\",\"url\":\"https:\\\/\\\/legiobiznes.pl\\\/I\\\/\",\"logo\":{\"@type\":\"ImageObject\",\"inLanguage\":\"pl-PL\",\"@id\":\"https:\\\/\\\/legiobiznes.pl\\\/I\\\/#\\\/schema\\\/logo\\\/image\\\/\",\"url\":\"https:\\\/\\\/legiobiznes.pl\\\/I\\\/wp-content\\\/uploads\\\/2017\\\/08\\\/legiobiznespl-logo2-e1503834302371.png\",\"contentUrl\":\"https:\\\/\\\/legiobiznes.pl\\\/I\\\/wp-content\\\/uploads\\\/2017\\\/08\\\/legiobiznespl-logo2-e1503834302371.png\",\"width\":180,\"height\":76,\"caption\":\"LegioBiznes.PL\"},\"image\":{\"@id\":\"https:\\\/\\\/legiobiznes.pl\\\/I\\\/#\\\/schema\\\/logo\\\/image\\\/\"},\"sameAs\":[\"https:\\\/\\\/www.facebook.com\\\/LegioBiznes\\\/\",\"https:\\\/\\\/x.com\\\/LegioBiznesPL\",\"https:\\\/\\\/www.youtube.com\\\/channel\\\/UCEhszB39vxk96yIXD-jOORw\"]}]}<\/script>\n<!-- \/ Yoast SEO plugin. -->","yoast_head_json":{"title":"LegioBiznes.PL > Marketing, Social Media, Bezpiecze\u0144stwo IT,E-biznes, Zarabianie w Internecie","description":"Aktualno\u015bci i Wiadomo\u015bci Marketing Social Media Prawo Bezpiecze\u0144stwo IT Cyber Security Wirusy Zarabianie Internecie E-commerce Systemy Operacyjne E-biznes Ebiznes M-commerce Reklama Media Spo\u0142eczno\u015bciowe GSM Hack porady sprz\u0119t hity programy darmowe og\u0142oszenia zlecenia wordpress freelancer dla freelancer\u00f3w strony www hosting joomla skyllex promocje sklepy internetowe woocommerce","robots":{"index":"index","follow":"follow","max-snippet":"max-snippet:-1","max-image-preview":"max-image-preview:large","max-video-preview":"max-video-preview:-1"},"canonical":"https:\/\/legiobiznes.pl\/I\/informacje-czytelnikow\/","og_locale":"pl_PL","og_type":"article","og_title":"LegioBiznes.PL > Marketing, Social Media, Bezpiecze\u0144stwo IT,E-biznes, Zarabianie w Internecie","og_description":"Aktualno\u015bci i Wiadomo\u015bci Marketing Social Media Prawo Bezpiecze\u0144stwo IT Cyber Security Wirusy Zarabianie Internecie E-commerce Systemy Operacyjne E-biznes Ebiznes M-commerce Reklama Media Spo\u0142eczno\u015bciowe GSM Hack porady sprz\u0119t hity programy darmowe og\u0142oszenia zlecenia wordpress freelancer dla freelancer\u00f3w strony www hosting joomla skyllex promocje sklepy internetowe woocommerce","og_url":"https:\/\/legiobiznes.pl\/I\/informacje-czytelnikow\/","og_site_name":"Legiobiznes.pl","article_publisher":"https:\/\/www.facebook.com\/LegioBiznes\/","article_modified_time":"2021-11-16T13:03:50+00:00","og_image":[{"width":960,"height":640,"url":"https:\/\/legiobiznes.pl\/I\/wp-content\/uploads\/2016\/09\/grid-1511497_960_720.jpg","type":"image\/jpeg"}],"twitter_card":"summary_large_image","twitter_site":"@LegioBiznesPL","schema":{"@context":"https:\/\/schema.org","@graph":[{"@type":"WebPage","@id":"https:\/\/legiobiznes.pl\/I\/informacje-czytelnikow\/","url":"https:\/\/legiobiznes.pl\/I\/informacje-czytelnikow\/","name":"LegioBiznes.PL > Marketing, Social Media, Bezpiecze\u0144stwo IT,E-biznes, Zarabianie w Internecie","isPartOf":{"@id":"https:\/\/legiobiznes.pl\/I\/#website"},"primaryImageOfPage":{"@id":"https:\/\/legiobiznes.pl\/I\/informacje-czytelnikow\/#primaryimage"},"image":{"@id":"https:\/\/legiobiznes.pl\/I\/informacje-czytelnikow\/#primaryimage"},"thumbnailUrl":"https:\/\/legiobiznes.pl\/I\/wp-content\/uploads\/2016\/09\/grid-1511497_960_720.jpg","datePublished":"2016-09-27T10:12:23+00:00","dateModified":"2021-11-16T13:03:50+00:00","description":"Aktualno\u015bci i Wiadomo\u015bci Marketing Social Media Prawo Bezpiecze\u0144stwo IT Cyber Security Wirusy Zarabianie Internecie E-commerce Systemy Operacyjne E-biznes Ebiznes M-commerce Reklama Media Spo\u0142eczno\u015bciowe GSM Hack porady sprz\u0119t hity programy darmowe og\u0142oszenia zlecenia wordpress freelancer dla freelancer\u00f3w strony www hosting joomla skyllex promocje sklepy internetowe woocommerce","breadcrumb":{"@id":"https:\/\/legiobiznes.pl\/I\/informacje-czytelnikow\/#breadcrumb"},"inLanguage":"pl-PL","potentialAction":[{"@type":"ReadAction","target":["https:\/\/legiobiznes.pl\/I\/informacje-czytelnikow\/"]}]},{"@type":"ImageObject","inLanguage":"pl-PL","@id":"https:\/\/legiobiznes.pl\/I\/informacje-czytelnikow\/#primaryimage","url":"https:\/\/legiobiznes.pl\/I\/wp-content\/uploads\/2016\/09\/grid-1511497_960_720.jpg","contentUrl":"https:\/\/legiobiznes.pl\/I\/wp-content\/uploads\/2016\/09\/grid-1511497_960_720.jpg","width":960,"height":640},{"@type":"BreadcrumbList","@id":"https:\/\/legiobiznes.pl\/I\/informacje-czytelnikow\/#breadcrumb","itemListElement":[{"@type":"ListItem","position":1,"name":"Strona g\u0142\u00f3wna","item":"https:\/\/legiobiznes.pl\/I\/"},{"@type":"ListItem","position":2,"name":"Informacje czytelnik\u00f3w"}]},{"@type":"WebSite","@id":"https:\/\/legiobiznes.pl\/I\/#website","url":"https:\/\/legiobiznes.pl\/I\/","name":"Legiobiznes.pl","description":"Kryptowaluty, Bezpiecze\u0144stwo IT, E-biznes | LegioBiznes.PL","publisher":{"@id":"https:\/\/legiobiznes.pl\/I\/#organization"},"potentialAction":[{"@type":"SearchAction","target":{"@type":"EntryPoint","urlTemplate":"https:\/\/legiobiznes.pl\/I\/?s={search_term_string}"},"query-input":{"@type":"PropertyValueSpecification","valueRequired":true,"valueName":"search_term_string"}}],"inLanguage":"pl-PL"},{"@type":"Organization","@id":"https:\/\/legiobiznes.pl\/I\/#organization","name":"LegioBiznes.PL","url":"https:\/\/legiobiznes.pl\/I\/","logo":{"@type":"ImageObject","inLanguage":"pl-PL","@id":"https:\/\/legiobiznes.pl\/I\/#\/schema\/logo\/image\/","url":"https:\/\/legiobiznes.pl\/I\/wp-content\/uploads\/2017\/08\/legiobiznespl-logo2-e1503834302371.png","contentUrl":"https:\/\/legiobiznes.pl\/I\/wp-content\/uploads\/2017\/08\/legiobiznespl-logo2-e1503834302371.png","width":180,"height":76,"caption":"LegioBiznes.PL"},"image":{"@id":"https:\/\/legiobiznes.pl\/I\/#\/schema\/logo\/image\/"},"sameAs":["https:\/\/www.facebook.com\/LegioBiznes\/","https:\/\/x.com\/LegioBiznesPL","https:\/\/www.youtube.com\/channel\/UCEhszB39vxk96yIXD-jOORw"]}]}},"_links":{"self":[{"href":"https:\/\/legiobiznes.pl\/I\/wp-json\/wp\/v2\/pages\/9392","targetHints":{"allow":["GET"]}}],"collection":[{"href":"https:\/\/legiobiznes.pl\/I\/wp-json\/wp\/v2\/pages"}],"about":[{"href":"https:\/\/legiobiznes.pl\/I\/wp-json\/wp\/v2\/types\/page"}],"author":[{"embeddable":true,"href":"https:\/\/legiobiznes.pl\/I\/wp-json\/wp\/v2\/users\/1"}],"replies":[{"embeddable":true,"href":"https:\/\/legiobiznes.pl\/I\/wp-json\/wp\/v2\/comments?post=9392"}],"version-history":[{"count":0,"href":"https:\/\/legiobiznes.pl\/I\/wp-json\/wp\/v2\/pages\/9392\/revisions"}],"wp:featuredmedia":[{"embeddable":true,"href":"https:\/\/legiobiznes.pl\/I\/wp-json\/wp\/v2\/media\/9436"}],"wp:attachment":[{"href":"https:\/\/legiobiznes.pl\/I\/wp-json\/wp\/v2\/media?parent=9392"}],"curies":[{"name":"wp","href":"https:\/\/api.w.org\/{rel}","templated":true}]}}